{"id":720,"date":"2020-12-18T07:39:25","date_gmt":"2020-12-18T07:39:25","guid":{"rendered":"https:\/\/gondens.com\/blog\/"},"modified":"2024-10-11T13:26:16","modified_gmt":"2024-10-11T18:26:16","slug":"blog","status":"publish","type":"page","link":"https:\/\/gondens.com\/es\/blog\/","title":{"rendered":"Blog"},"content":{"rendered":"\t\t<div data-elementor-type=\"wp-page\" data-elementor-id=\"720\" class=\"elementor elementor-720 elementor-408\" data-elementor-post-type=\"page\">\n\t\t\t\t\t\t<section class=\"elementor-section elementor-top-section elementor-element elementor-element-a27e4ef elementor-section-boxed elementor-section-height-default elementor-section-height-default\" data-id=\"a27e4ef\" data-element_type=\"section\" data-e-type=\"section\">\n\t\t\t\t\t\t<div class=\"elementor-container elementor-column-gap-default\">\n\t\t\t\t\t<div class=\"elementor-column elementor-col-100 elementor-top-column elementor-element elementor-element-9744c04\" data-id=\"9744c04\" data-element_type=\"column\" data-e-type=\"column\">\n\t\t\t<div class=\"elementor-widget-wrap\">\n\t\t\t\t\t\t\t<\/div>\n\t\t<\/div>\n\t\t\t\t\t<\/div>\n\t\t<\/section>\n\t\t\t\t<\/div>\n\t\t","protected":false},"excerpt":{"rendered":"<p>Conversation with the FCCA Inscripci\u00f3n al Seminario Web Read More March 12, 2021 Federico Gonzalez-Denton lanza Gondens International Advisors Gonz\u00e1lez-Denton fue vicepresidente de desarrollo comercial y relaciones gubernamentales para Am\u00e9rica Latina y el Caribe en el Royal Caribbean Group durante m\u00e1s de una docena&#8230; Read More March 8, 2021 Government relations expert launches Latin America\/Caribbean [&hellip;]<\/p>\n","protected":false},"author":1,"featured_media":0,"parent":0,"menu_order":0,"comment_status":"closed","ping_status":"closed","template":"elementor_header_footer","meta":{"footnotes":""},"class_list":["post-720","page","type-page","status-publish","hentry"],"yoast_head":"<!-- This site is optimized with the Yoast SEO plugin v27.4 - https:\/\/yoast.com\/product\/yoast-seo-wordpress\/ -->\n<title>Blog - Gondens<\/title>\n<meta name=\"robots\" content=\"index, follow, max-snippet:-1, max-image-preview:large, max-video-preview:-1\" \/>\n<link rel=\"canonical\" href=\"https:\/\/gondens.com\/blog\/\" \/>\n<meta property=\"og:locale\" content=\"es_ES\" \/>\n<meta property=\"og:type\" content=\"article\" \/>\n<meta property=\"og:title\" content=\"Blog - Gondens\" \/>\n<meta property=\"og:description\" content=\"Conversation with the FCCA Inscripci\u00f3n al Seminario Web Read More March 12, 2021 Federico Gonzalez-Denton lanza Gondens International Advisors Gonz\u00e1lez-Denton fue vicepresidente de desarrollo comercial y relaciones gubernamentales para Am\u00e9rica Latina y el Caribe en el Royal Caribbean Group durante m\u00e1s de una docena&#8230; Read More March 8, 2021 Government relations expert launches Latin America\/Caribbean [&hellip;]\" \/>\n<meta property=\"og:url\" content=\"https:\/\/gondens.com\/blog\/\" \/>\n<meta property=\"og:site_name\" content=\"Gondens\" \/>\n<meta property=\"article:modified_time\" content=\"2024-10-11T18:26:16+00:00\" \/>\n<meta property=\"og:image\" content=\"https:\/\/gondens.com\/wp-content\/uploads\/Conversation-with-the-FCCA-300x188.jpeg\" \/>\n<meta name=\"twitter:card\" content=\"summary_large_image\" \/>\n<meta name=\"twitter:label1\" content=\"Tiempo de lectura\" \/>\n\t<meta name=\"twitter:data1\" content=\"1 minuto\" \/>\n<script type=\"application\/ld+json\" class=\"yoast-schema-graph\">{\"@context\":\"https:\\\/\\\/schema.org\",\"@graph\":[{\"@type\":\"WebPage\",\"@id\":\"https:\\\/\\\/gondens.com\\\/blog\\\/\",\"url\":\"https:\\\/\\\/gondens.com\\\/blog\\\/\",\"name\":\"Blog - Gondens\",\"isPartOf\":{\"@id\":\"https:\\\/\\\/gondens.com\\\/#website\"},\"primaryImageOfPage\":{\"@id\":\"https:\\\/\\\/gondens.com\\\/blog\\\/#primaryimage\"},\"image\":{\"@id\":\"https:\\\/\\\/gondens.com\\\/blog\\\/#primaryimage\"},\"thumbnailUrl\":\"https:\\\/\\\/gondens.com\\\/wp-content\\\/uploads\\\/Conversation-with-the-FCCA-300x188.jpeg\",\"datePublished\":\"2020-12-18T07:39:25+00:00\",\"dateModified\":\"2024-10-11T18:26:16+00:00\",\"breadcrumb\":{\"@id\":\"https:\\\/\\\/gondens.com\\\/blog\\\/#breadcrumb\"},\"inLanguage\":\"es\",\"potentialAction\":[{\"@type\":\"ReadAction\",\"target\":[\"https:\\\/\\\/gondens.com\\\/blog\\\/\"]}]},{\"@type\":\"ImageObject\",\"inLanguage\":\"es\",\"@id\":\"https:\\\/\\\/gondens.com\\\/blog\\\/#primaryimage\",\"url\":\"https:\\\/\\\/gondens.com\\\/wp-content\\\/uploads\\\/Conversation-with-the-FCCA-300x188.jpeg\",\"contentUrl\":\"https:\\\/\\\/gondens.com\\\/wp-content\\\/uploads\\\/Conversation-with-the-FCCA-300x188.jpeg\"},{\"@type\":\"BreadcrumbList\",\"@id\":\"https:\\\/\\\/gondens.com\\\/blog\\\/#breadcrumb\",\"itemListElement\":[{\"@type\":\"ListItem\",\"position\":1,\"name\":\"Home\",\"item\":\"https:\\\/\\\/gondens.com\\\/\"},{\"@type\":\"ListItem\",\"position\":2,\"name\":\"Blog\"}]},{\"@type\":\"WebSite\",\"@id\":\"https:\\\/\\\/gondens.com\\\/#website\",\"url\":\"https:\\\/\\\/gondens.com\\\/\",\"name\":\"Gondens\",\"description\":\"International Advisors\",\"publisher\":{\"@id\":\"https:\\\/\\\/gondens.com\\\/#organization\"},\"potentialAction\":[{\"@type\":\"SearchAction\",\"target\":{\"@type\":\"EntryPoint\",\"urlTemplate\":\"https:\\\/\\\/gondens.com\\\/?s={search_term_string}\"},\"query-input\":{\"@type\":\"PropertyValueSpecification\",\"valueRequired\":true,\"valueName\":\"search_term_string\"}}],\"inLanguage\":\"es\"},{\"@type\":\"Organization\",\"@id\":\"https:\\\/\\\/gondens.com\\\/#organization\",\"name\":\"Gondens\",\"url\":\"https:\\\/\\\/gondens.com\\\/\",\"logo\":{\"@type\":\"ImageObject\",\"inLanguage\":\"es\",\"@id\":\"https:\\\/\\\/gondens.com\\\/#\\\/schema\\\/logo\\\/image\\\/\",\"url\":\"https:\\\/\\\/gondens.com\\\/wp-content\\\/uploads\\\/gondens-logo-267x60-1.png\",\"contentUrl\":\"https:\\\/\\\/gondens.com\\\/wp-content\\\/uploads\\\/gondens-logo-267x60-1.png\",\"width\":267,\"height\":60,\"caption\":\"Gondens\"},\"image\":{\"@id\":\"https:\\\/\\\/gondens.com\\\/#\\\/schema\\\/logo\\\/image\\\/\"}}]}<\/script>\n<!-- \/ Yoast SEO plugin. -->","yoast_head_json":{"title":"Blog - Gondens","robots":{"index":"index","follow":"follow","max-snippet":"max-snippet:-1","max-image-preview":"max-image-preview:large","max-video-preview":"max-video-preview:-1"},"canonical":"https:\/\/gondens.com\/blog\/","og_locale":"es_ES","og_type":"article","og_title":"Blog - Gondens","og_description":"Conversation with the FCCA Inscripci\u00f3n al Seminario Web Read More March 12, 2021 Federico Gonzalez-Denton lanza Gondens International Advisors Gonz\u00e1lez-Denton fue vicepresidente de desarrollo comercial y relaciones gubernamentales para Am\u00e9rica Latina y el Caribe en el Royal Caribbean Group durante m\u00e1s de una docena&#8230; Read More March 8, 2021 Government relations expert launches Latin America\/Caribbean [&hellip;]","og_url":"https:\/\/gondens.com\/blog\/","og_site_name":"Gondens","article_modified_time":"2024-10-11T18:26:16+00:00","og_image":[{"url":"https:\/\/gondens.com\/wp-content\/uploads\/Conversation-with-the-FCCA-300x188.jpeg","type":"","width":"","height":""}],"twitter_card":"summary_large_image","twitter_misc":{"Tiempo de lectura":"1 minuto"},"schema":{"@context":"https:\/\/schema.org","@graph":[{"@type":"WebPage","@id":"https:\/\/gondens.com\/blog\/","url":"https:\/\/gondens.com\/blog\/","name":"Blog - Gondens","isPartOf":{"@id":"https:\/\/gondens.com\/#website"},"primaryImageOfPage":{"@id":"https:\/\/gondens.com\/blog\/#primaryimage"},"image":{"@id":"https:\/\/gondens.com\/blog\/#primaryimage"},"thumbnailUrl":"https:\/\/gondens.com\/wp-content\/uploads\/Conversation-with-the-FCCA-300x188.jpeg","datePublished":"2020-12-18T07:39:25+00:00","dateModified":"2024-10-11T18:26:16+00:00","breadcrumb":{"@id":"https:\/\/gondens.com\/blog\/#breadcrumb"},"inLanguage":"es","potentialAction":[{"@type":"ReadAction","target":["https:\/\/gondens.com\/blog\/"]}]},{"@type":"ImageObject","inLanguage":"es","@id":"https:\/\/gondens.com\/blog\/#primaryimage","url":"https:\/\/gondens.com\/wp-content\/uploads\/Conversation-with-the-FCCA-300x188.jpeg","contentUrl":"https:\/\/gondens.com\/wp-content\/uploads\/Conversation-with-the-FCCA-300x188.jpeg"},{"@type":"BreadcrumbList","@id":"https:\/\/gondens.com\/blog\/#breadcrumb","itemListElement":[{"@type":"ListItem","position":1,"name":"Home","item":"https:\/\/gondens.com\/"},{"@type":"ListItem","position":2,"name":"Blog"}]},{"@type":"WebSite","@id":"https:\/\/gondens.com\/#website","url":"https:\/\/gondens.com\/","name":"Gondens","description":"International Advisors","publisher":{"@id":"https:\/\/gondens.com\/#organization"},"potentialAction":[{"@type":"SearchAction","target":{"@type":"EntryPoint","urlTemplate":"https:\/\/gondens.com\/?s={search_term_string}"},"query-input":{"@type":"PropertyValueSpecification","valueRequired":true,"valueName":"search_term_string"}}],"inLanguage":"es"},{"@type":"Organization","@id":"https:\/\/gondens.com\/#organization","name":"Gondens","url":"https:\/\/gondens.com\/","logo":{"@type":"ImageObject","inLanguage":"es","@id":"https:\/\/gondens.com\/#\/schema\/logo\/image\/","url":"https:\/\/gondens.com\/wp-content\/uploads\/gondens-logo-267x60-1.png","contentUrl":"https:\/\/gondens.com\/wp-content\/uploads\/gondens-logo-267x60-1.png","width":267,"height":60,"caption":"Gondens"},"image":{"@id":"https:\/\/gondens.com\/#\/schema\/logo\/image\/"}}]}},"_links":{"self":[{"href":"https:\/\/gondens.com\/es\/wp-json\/wp\/v2\/pages\/720","targetHints":{"allow":["GET"]}}],"collection":[{"href":"https:\/\/gondens.com\/es\/wp-json\/wp\/v2\/pages"}],"about":[{"href":"https:\/\/gondens.com\/es\/wp-json\/wp\/v2\/types\/page"}],"author":[{"embeddable":true,"href":"https:\/\/gondens.com\/es\/wp-json\/wp\/v2\/users\/1"}],"replies":[{"embeddable":true,"href":"https:\/\/gondens.com\/es\/wp-json\/wp\/v2\/comments?post=720"}],"version-history":[{"count":6,"href":"https:\/\/gondens.com\/es\/wp-json\/wp\/v2\/pages\/720\/revisions"}],"predecessor-version":[{"id":2234,"href":"https:\/\/gondens.com\/es\/wp-json\/wp\/v2\/pages\/720\/revisions\/2234"}],"wp:attachment":[{"href":"https:\/\/gondens.com\/es\/wp-json\/wp\/v2\/media?parent=720"}],"curies":[{"name":"wp","href":"https:\/\/api.w.org\/{rel}","templated":true}]}}