{"id":733,"date":"2020-12-16T21:15:46","date_gmt":"2020-12-16T21:15:46","guid":{"rendered":"https:\/\/gondens.com\/services\/"},"modified":"2021-03-12T16:59:16","modified_gmt":"2021-03-12T16:59:16","slug":"servicios","status":"publish","type":"page","link":"https:\/\/gondens.com\/es\/servicios\/","title":{"rendered":"Servicios"},"content":{"rendered":"\t\t<div data-elementor-type=\"wp-page\" data-elementor-id=\"733\" class=\"elementor elementor-733 elementor-17\" data-elementor-post-type=\"page\">\n\t\t\t\t\t\t<section class=\"elementor-section elementor-top-section elementor-element elementor-element-eae6748 elementor-section-height-min-height elementor-section-boxed elementor-section-height-default elementor-section-items-middle\" data-id=\"eae6748\" data-element_type=\"section\" data-e-type=\"section\" data-settings=\"{&quot;background_background&quot;:&quot;classic&quot;}\">\n\t\t\t\t\t\t<div class=\"elementor-container elementor-column-gap-default\">\n\t\t\t\t\t<div class=\"elementor-column elementor-col-100 elementor-top-column elementor-element elementor-element-594c8e8\" data-id=\"594c8e8\" data-element_type=\"column\" data-e-type=\"column\">\n\t\t\t<div class=\"elementor-widget-wrap elementor-element-populated\">\n\t\t\t\t\t\t<div class=\"elementor-element elementor-element-2a01313 elementor-widget elementor-widget-heading\" data-id=\"2a01313\" data-element_type=\"widget\" data-e-type=\"widget\" data-widget_type=\"heading.default\">\n\t\t\t\t<div class=\"elementor-widget-container\">\n\t\t\t\t\t<h2 class=\"elementor-heading-title elementor-size-default\">Servicios<\/h2>\t\t\t\t<\/div>\n\t\t\t\t<\/div>\n\t\t\t\t\t<\/div>\n\t\t<\/div>\n\t\t\t\t\t<\/div>\n\t\t<\/section>\n\t\t\t\t<section class=\"elementor-section elementor-top-section elementor-element elementor-element-fbb0af1 elementor-section-boxed elementor-section-height-default elementor-section-height-default\" data-id=\"fbb0af1\" data-element_type=\"section\" data-e-type=\"section\">\n\t\t\t\t\t\t<div class=\"elementor-container elementor-column-gap-default\">\n\t\t\t\t\t<div class=\"elementor-column elementor-col-100 elementor-top-column elementor-element elementor-element-3983149\" data-id=\"3983149\" data-element_type=\"column\" data-e-type=\"column\">\n\t\t\t<div class=\"elementor-widget-wrap elementor-element-populated\">\n\t\t\t\t\t\t<div class=\"elementor-element elementor-element-240b07e elementor-widget elementor-widget-text-editor\" data-id=\"240b07e\" data-element_type=\"widget\" data-e-type=\"widget\" data-widget_type=\"text-editor.default\">\n\t\t\t\t<div class=\"elementor-widget-container\">\n\t\t\t\t\t\t\t\t\t<h2>Servicios<\/h2>\n<h3>Desarrollando Relaciones&#8230; Generando Resultados<\/h3>\t\t\t\t\t\t\t\t<\/div>\n\t\t\t\t<\/div>\n\t\t\t\t<div class=\"elementor-element elementor-element-ad74693 elementor-widget-divider--view-line_icon elementor-view-default elementor-widget-divider--element-align-center elementor-widget elementor-widget-divider\" data-id=\"ad74693\" data-element_type=\"widget\" data-e-type=\"widget\" data-widget_type=\"divider.default\">\n\t\t\t\t<div class=\"elementor-widget-container\">\n\t\t\t\t\t\t\t<div class=\"elementor-divider\">\n\t\t\t<span class=\"elementor-divider-separator\">\n\t\t\t\t\t\t\t<div class=\"elementor-icon elementor-divider__element\">\n\t\t\t\t\t<i aria-hidden=\"true\" class=\"fas fa-circle\"><\/i><\/div>\n\t\t\t\t\t\t<\/span>\n\t\t<\/div>\n\t\t\t\t\t\t<\/div>\n\t\t\t\t<\/div>\n\t\t\t\t\t<\/div>\n\t\t<\/div>\n\t\t\t\t\t<\/div>\n\t\t<\/section>\n\t\t\t\t<section class=\"elementor-section elementor-top-section elementor-element elementor-element-90f1247 elementor-section-boxed elementor-section-height-default elementor-section-height-default\" data-id=\"90f1247\" data-element_type=\"section\" data-e-type=\"section\" data-settings=\"{&quot;background_background&quot;:&quot;classic&quot;}\">\n\t\t\t\t\t\t<div class=\"elementor-container elementor-column-gap-default\">\n\t\t\t\t\t<div class=\"elementor-column elementor-col-50 elementor-top-column elementor-element elementor-element-5a4fe81\" data-id=\"5a4fe81\" data-element_type=\"column\" data-e-type=\"column\">\n\t\t\t<div class=\"elementor-widget-wrap\">\n\t\t\t\t\t\t\t<\/div>\n\t\t<\/div>\n\t\t\t\t<div class=\"elementor-column elementor-col-50 elementor-top-column elementor-element elementor-element-50d6453\" data-id=\"50d6453\" data-element_type=\"column\" data-e-type=\"column\">\n\t\t\t<div class=\"elementor-widget-wrap elementor-element-populated\">\n\t\t\t\t\t\t<div class=\"elementor-element elementor-element-9583515 elementor-view-default elementor-widget elementor-widget-icon\" data-id=\"9583515\" data-element_type=\"widget\" data-e-type=\"widget\" data-widget_type=\"icon.default\">\n\t\t\t\t<div class=\"elementor-widget-container\">\n\t\t\t\t\t\t\t<div class=\"elementor-icon-wrapper\">\n\t\t\t<div class=\"elementor-icon\">\n\t\t\t<svg xmlns=\"http:\/\/www.w3.org\/2000\/svg\" xmlns:xlink=\"http:\/\/www.w3.org\/1999\/xlink\" id=\"Capa_1\" x=\"0px\" y=\"0px\" viewBox=\"0 0 72 72\" style=\"enable-background:new 0 0 72 72;\" xml:space=\"preserve\"><style type=\"text\/css\">\t.st0{fill:#222221;}<\/style><title>bussines<\/title><g id=\"Capa_2_1_\">\t<g id=\"Capa_21\">\t\t<path class=\"st0\" d=\"M36,10.7L36,10.7C22,10.7,10.7,22,10.7,36S22,61.3,36,61.3c14,0,25.3-11.4,25.3-25.3C61.3,22,50,10.7,36,10.7    z M27.6,15.3c-1.9,2.5-3.2,5.2-4.1,8.2h-6C20,19.9,23.5,17,27.6,15.3z M15.8,26.6h6.9c-0.6,2.6-0.9,5.2-1,7.9h-8    C14,31.7,14.7,29,15.8,26.6z M13.8,37.5h8c0.1,2.7,0.4,5.3,1,7.9h-6.9C14.7,42.9,14,40.2,13.8,37.5z M17.6,48.5h6    c0.9,3,2.3,5.7,4.1,8.2C23.5,55,20,52.1,17.6,48.5z M34.5,58c-3.2-0.9-6-4.5-7.7-9.6h7.7V58z M34.5,45.4h-8.7    c-0.6-2.6-1-5.2-1.1-7.9h9.7V45.4z M34.5,34.4h-9.7c0.1-2.6,0.4-5.3,1-7.9h8.6L34.5,34.4z M34.5,23.5h-7.7    c1.8-5.1,4.6-8.7,7.7-9.6L34.5,23.5z M37.5,13.9c3.2,0.9,6,4.5,7.7,9.6h-7.7L37.5,13.9z M37.5,26.6h8.6c0.6,2.6,1,5.2,1.1,7.9    h-9.7L37.5,26.6z M37.5,37.5h9.7c-0.1,2.7-0.5,5.3-1.1,7.9h-8.6L37.5,37.5z M37.5,58v-9.6h7.7C43.5,53.5,40.7,57.1,37.5,58    L37.5,58z M44.4,56.6c1.9-2.5,3.3-5.2,4.1-8.2h6C52,52.1,48.5,55,44.4,56.6L44.4,56.6z M56.2,45.4h-6.9c0.6-2.6,0.9-5.2,1-7.9h8    C58,40.2,57.3,42.9,56.2,45.4z M58.2,34.5h-8c-0.1-2.7-0.4-5.3-1-7.9h6.9C57.3,29,58,31.7,58.2,34.5L58.2,34.5z M48.5,23.5    c-0.9-3-2.3-5.7-4.1-8.2c4.1,1.7,7.6,4.5,10.1,8.2H48.5z\"><\/path>\t\t<path class=\"st0\" d=\"M26.8,66.6C9.9,61.5,0.3,43.7,5.4,26.8C8.5,16.5,16.5,8.5,26.8,5.4c0.8-0.1,1.4-0.9,1.3-1.7    c-0.1-0.8-0.9-1.4-1.7-1.3c-0.2,0-0.3,0.1-0.5,0.1C7.4,8.1-3.1,27.6,2.5,46.2c3.4,11.2,12.2,20,23.5,23.4c0.1,0,0.3,0.1,0.4,0.1    c0.8,0,1.5-0.6,1.6-1.5C28,67.4,27.5,66.8,26.8,66.6z\"><\/path>\t\t<path class=\"st0\" d=\"M46.1,2.5c-0.8-0.4-1.7-0.1-2,0.7s-0.1,1.7,0.7,2c0.1,0.1,0.3,0.1,0.5,0.1c16.9,5.1,26.5,23,21.4,39.9    c-3.1,10.3-11.1,18.3-21.4,21.4c-0.8,0.3-1.2,1.1-1,1.9c0.2,0.6,0.8,1,1.4,1.1c0.1,0,0.3,0,0.4-0.1c18.5-5.6,29-25.2,23.4-43.7    C66.1,14.6,57.3,5.9,46.1,2.5z\"><\/path>\t<\/g><\/g><\/svg>\t\t\t<\/div>\n\t\t<\/div>\n\t\t\t\t\t\t<\/div>\n\t\t\t\t<\/div>\n\t\t\t\t<div class=\"elementor-element elementor-element-2ca0efa elementor-widget elementor-widget-text-editor\" data-id=\"2ca0efa\" data-element_type=\"widget\" data-e-type=\"widget\" data-widget_type=\"text-editor.default\">\n\t\t\t\t<div class=\"elementor-widget-container\">\n\t\t\t\t\t\t\t\t\t<h4><span style=\"color: #4b5d63;\">Desarrollo de Negocios, Asuntos Gubernamentales y Corporativos<br \/><\/span><\/h4><p>Asistimos a nuestros clientes en el proceso de influenciar en las pol\u00edticas p\u00fablicas en todos los niveles de gobernanza: local, regional, nacional en pa\u00edses, territorios y dependencias de Am\u00e9rica Latina y el Caribe.<\/p>\t\t\t\t\t\t\t\t<\/div>\n\t\t\t\t<\/div>\n\t\t\t\t<div class=\"elementor-element elementor-element-b92f4be elementor-align-right elementor-widget elementor-widget-button\" data-id=\"b92f4be\" data-element_type=\"widget\" data-e-type=\"widget\" data-widget_type=\"button.default\">\n\t\t\t\t<div class=\"elementor-widget-container\">\n\t\t\t\t\t\t\t\t\t<div class=\"elementor-button-wrapper\">\n\t\t\t\t\t<a class=\"elementor-button elementor-button-link elementor-size-sm\" href=\"http:\/\/gondens.com\/es\/servicios\/desarrollo-comercial-asuntos-gubernamentales-y-corporativos\/\">\n\t\t\t\t\t\t<span class=\"elementor-button-content-wrapper\">\n\t\t\t\t\t\t\t\t\t<span class=\"elementor-button-text\">Leer M\u00e1s<\/span>\n\t\t\t\t\t<\/span>\n\t\t\t\t\t<\/a>\n\t\t\t\t<\/div>\n\t\t\t\t\t\t\t\t<\/div>\n\t\t\t\t<\/div>\n\t\t\t\t\t<\/div>\n\t\t<\/div>\n\t\t\t\t\t<\/div>\n\t\t<\/section>\n\t\t\t\t<section class=\"elementor-section elementor-top-section elementor-element elementor-element-037fd81 elementor-section-boxed elementor-section-height-default elementor-section-height-default\" data-id=\"037fd81\" data-element_type=\"section\" data-e-type=\"section\" data-settings=\"{&quot;background_background&quot;:&quot;classic&quot;}\">\n\t\t\t\t\t\t<div class=\"elementor-container elementor-column-gap-default\">\n\t\t\t\t\t<div class=\"elementor-column elementor-col-50 elementor-top-column elementor-element elementor-element-c57fe3e\" data-id=\"c57fe3e\" data-element_type=\"column\" data-e-type=\"column\">\n\t\t\t<div class=\"elementor-widget-wrap elementor-element-populated\">\n\t\t\t\t\t\t<div class=\"elementor-element elementor-element-9c919ad elementor-view-default elementor-widget elementor-widget-icon\" data-id=\"9c919ad\" data-element_type=\"widget\" data-e-type=\"widget\" data-widget_type=\"icon.default\">\n\t\t\t\t<div class=\"elementor-widget-container\">\n\t\t\t\t\t\t\t<div class=\"elementor-icon-wrapper\">\n\t\t\t<div class=\"elementor-icon\">\n\t\t\t<svg xmlns=\"http:\/\/www.w3.org\/2000\/svg\" xmlns:xlink=\"http:\/\/www.w3.org\/1999\/xlink\" id=\"Capa_1\" x=\"0px\" y=\"0px\" viewBox=\"0 0 72 72\" style=\"enable-background:new 0 0 72 72;\" xml:space=\"preserve\"><style type=\"text\/css\">\t.st0{fill:#222221;}<\/style><title>marketing<\/title><g id=\"Capa_2_1_\">\t<g id=\"Capa_21\">\t\t<path class=\"st0\" d=\"M65.9,1.8H3C2.3,1.8,1.8,2.3,1.8,3V69c0,0.7,0.6,1.2,1.2,1.3h62.9c2.4,0,4.3-1.9,4.3-4.3V6    C70.2,3.7,68.3,1.8,65.9,1.8z M18.9,67.8h-4.2V47.4l4.1-3.1L18.9,67.8z M25.2,67.8h-3.7V42.5l3.7-2.7L25.2,67.8z M31.8,67.8h-4.2    V37.9l4.2-3.1V67.8z M38,67.8h-3.7V34.6l3.7,2.3L38,67.8z M44.6,67.8h-4.2V38.5l4.1,2.5L44.6,67.8z M50.8,67.8h-3.7V40.7l3.7-5.7    V67.8z M57.4,67.8h-4.1V31.1l4.1-6.4L57.4,67.8z M67.7,66c0,1-0.8,1.8-1.8,1.8h-6V21l2.2-3.3l0.5,2.1c0.1,0.6,0.6,1,1.2,1    c0.1,0,0.2,0,0.3,0c0.7-0.2,1.1-0.8,0.9-1.5c0,0,0,0,0,0l-1.1-5c-0.2-0.7-0.8-1.1-1.5-0.9l-5,1.2c-0.7,0.2-1.1,0.8-0.9,1.5    c0.2,0.7,0.8,1.1,1.5,0.9l0,0l1.9-0.5l-2.3,3.5l0,0L51,30.1l0,0l-5.5,8.5l-11.8-7.3l0,0h-0.1l0,0l0,0l0,0h-0.1h-0.1h-0.6h-0.1    h-0.1h-0.1h-0.1l-0.1,0.1l0,0l-6.6,4.9l0,0l-13,9.5c-0.1,0.1-0.1,0.1-0.2,0.2V46c0,0-0.1,0.1-0.1,0.2c0,0,0,0.1-0.1,0.1l-0.1,0.2    c0,0,0,0.1,0,0.1c0,0.1,0,0.1,0,0.2c0,0,0,0,0,0.1v21h-8v-4h2.7c0.7,0,1.3-0.6,1.3-1.3s-0.6-1.3-1.3-1.3H4.3v-4.2h2.8    c0.7-0.1,1.2-0.7,1.1-1.4c-0.1-0.6-0.5-1.1-1.1-1.1H4.3v-4.2h2.8c0.7-0.1,1.2-0.7,1.1-1.4c-0.1-0.6-0.5-1.1-1.1-1.1H4.3v-4.2h2.8    c0.7-0.1,1.2-0.7,1.1-1.4c-0.1-0.6-0.5-1.1-1.1-1.1H4.3v-4h2.8c0.7,0,1.3-0.6,1.3-1.3s-0.6-1.3-1.3-1.3H4.3v-4.2h2.8    c0.7-0.1,1.2-0.7,1.1-1.4c-0.1-0.6-0.5-1.1-1.1-1.1H4.3V24h2.8c0.7-0.1,1.2-0.7,1.1-1.4c-0.1-0.6-0.5-1.1-1.1-1.1H4.3v-4.2h2.8    c0.7,0,1.3-0.6,1.3-1.3c0-0.7-0.6-1.3-1.3-1.3H4.3v-4.1h2.8c0.7-0.1,1.2-0.7,1.1-1.4C8.1,8.8,7.7,8.3,7.1,8.3H4.3v-4h61.7    c1,0,1.8,0.8,1.8,1.8L67.7,66z\"><\/path>\t<\/g><\/g><\/svg>\t\t\t<\/div>\n\t\t<\/div>\n\t\t\t\t\t\t<\/div>\n\t\t\t\t<\/div>\n\t\t\t\t<div class=\"elementor-element elementor-element-0144fcb elementor-widget elementor-widget-text-editor\" data-id=\"0144fcb\" data-element_type=\"widget\" data-e-type=\"widget\" data-widget_type=\"text-editor.default\">\n\t\t\t\t<div class=\"elementor-widget-container\">\n\t\t\t\t\t\t\t\t\t<h4><span style=\"color: #c9b36e;\">Marketing, Mercado<br> Investigaci\u00f3n y Planificaci\u00f3n<br> Estrat\u00e9gica\n<\/span><\/h4>\nGondens utiliza un conjunto de instituciones y procesos para crear, comunicar, entregar e intercambiar ofertas que tienen valor para nuestros clientes.\t\t\t\t\t\t\t\t<\/div>\n\t\t\t\t<\/div>\n\t\t\t\t<div class=\"elementor-element elementor-element-2240357 elementor-align-left elementor-widget elementor-widget-button\" data-id=\"2240357\" data-element_type=\"widget\" data-e-type=\"widget\" data-widget_type=\"button.default\">\n\t\t\t\t<div class=\"elementor-widget-container\">\n\t\t\t\t\t\t\t\t\t<div class=\"elementor-button-wrapper\">\n\t\t\t\t\t<a class=\"elementor-button elementor-button-link elementor-size-sm\" href=\"http:\/\/gondens.com\/es\/servicios\/marketing-investigacion-de-mercado-y-planificacion-estrategica\/\">\n\t\t\t\t\t\t<span class=\"elementor-button-content-wrapper\">\n\t\t\t\t\t\t\t\t\t<span class=\"elementor-button-text\">Leer M\u00e1s<\/span>\n\t\t\t\t\t<\/span>\n\t\t\t\t\t<\/a>\n\t\t\t\t<\/div>\n\t\t\t\t\t\t\t\t<\/div>\n\t\t\t\t<\/div>\n\t\t\t\t\t<\/div>\n\t\t<\/div>\n\t\t\t\t<div class=\"elementor-column elementor-col-50 elementor-top-column elementor-element elementor-element-3694ca9\" data-id=\"3694ca9\" data-element_type=\"column\" data-e-type=\"column\">\n\t\t\t<div class=\"elementor-widget-wrap\">\n\t\t\t\t\t\t\t<\/div>\n\t\t<\/div>\n\t\t\t\t\t<\/div>\n\t\t<\/section>\n\t\t\t\t<\/div>\n\t\t","protected":false},"excerpt":{"rendered":"<p>Servicios Servicios Desarrollando Relaciones&#8230; Generando Resultados bussines Desarrollo de Negocios, Asuntos Gubernamentales y Corporativos Asistimos a nuestros clientes en el proceso de influenciar en las pol\u00edticas p\u00fablicas en todos los niveles de gobernanza: local, regional, nacional en pa\u00edses, territorios y dependencias de Am\u00e9rica Latina y el Caribe. Leer M\u00e1s marketing Marketing, Mercado Investigaci\u00f3n y Planificaci\u00f3n [&hellip;]<\/p>\n","protected":false},"author":1,"featured_media":0,"parent":0,"menu_order":0,"comment_status":"closed","ping_status":"closed","template":"elementor_header_footer","meta":{"footnotes":""},"class_list":["post-733","page","type-page","status-publish","hentry"],"yoast_head":"<!-- This site is optimized with the Yoast SEO plugin v27.4 - https:\/\/yoast.com\/product\/yoast-seo-wordpress\/ -->\n<title>Servicios - Gondens<\/title>\n<meta name=\"robots\" content=\"index, follow, max-snippet:-1, max-image-preview:large, max-video-preview:-1\" \/>\n<link rel=\"canonical\" href=\"https:\/\/gondens.com\/es\/servicios\/\" \/>\n<meta property=\"og:locale\" content=\"es_ES\" \/>\n<meta property=\"og:type\" content=\"article\" \/>\n<meta property=\"og:title\" content=\"Servicios - Gondens\" \/>\n<meta property=\"og:description\" content=\"Servicios Servicios Desarrollando Relaciones&#8230; Generando Resultados bussines Desarrollo de Negocios, Asuntos Gubernamentales y Corporativos Asistimos a nuestros clientes en el proceso de influenciar en las pol\u00edticas p\u00fablicas en todos los niveles de gobernanza: local, regional, nacional en pa\u00edses, territorios y dependencias de Am\u00e9rica Latina y el Caribe. Leer M\u00e1s marketing Marketing, Mercado Investigaci\u00f3n y Planificaci\u00f3n [&hellip;]\" \/>\n<meta property=\"og:url\" content=\"https:\/\/gondens.com\/es\/servicios\/\" \/>\n<meta property=\"og:site_name\" content=\"Gondens\" \/>\n<meta property=\"article:modified_time\" content=\"2021-03-12T16:59:16+00:00\" \/>\n<meta name=\"twitter:card\" content=\"summary_large_image\" \/>\n<script type=\"application\/ld+json\" class=\"yoast-schema-graph\">{\"@context\":\"https:\\\/\\\/schema.org\",\"@graph\":[{\"@type\":\"WebPage\",\"@id\":\"https:\\\/\\\/gondens.com\\\/es\\\/servicios\\\/\",\"url\":\"https:\\\/\\\/gondens.com\\\/es\\\/servicios\\\/\",\"name\":\"Servicios - Gondens\",\"isPartOf\":{\"@id\":\"https:\\\/\\\/gondens.com\\\/#website\"},\"datePublished\":\"2020-12-16T21:15:46+00:00\",\"dateModified\":\"2021-03-12T16:59:16+00:00\",\"breadcrumb\":{\"@id\":\"https:\\\/\\\/gondens.com\\\/es\\\/servicios\\\/#breadcrumb\"},\"inLanguage\":\"es\",\"potentialAction\":[{\"@type\":\"ReadAction\",\"target\":[\"https:\\\/\\\/gondens.com\\\/es\\\/servicios\\\/\"]}]},{\"@type\":\"BreadcrumbList\",\"@id\":\"https:\\\/\\\/gondens.com\\\/es\\\/servicios\\\/#breadcrumb\",\"itemListElement\":[{\"@type\":\"ListItem\",\"position\":1,\"name\":\"Home\",\"item\":\"https:\\\/\\\/gondens.com\\\/\"},{\"@type\":\"ListItem\",\"position\":2,\"name\":\"Servicios\"}]},{\"@type\":\"WebSite\",\"@id\":\"https:\\\/\\\/gondens.com\\\/#website\",\"url\":\"https:\\\/\\\/gondens.com\\\/\",\"name\":\"Gondens\",\"description\":\"International Advisors\",\"publisher\":{\"@id\":\"https:\\\/\\\/gondens.com\\\/#organization\"},\"potentialAction\":[{\"@type\":\"SearchAction\",\"target\":{\"@type\":\"EntryPoint\",\"urlTemplate\":\"https:\\\/\\\/gondens.com\\\/?s={search_term_string}\"},\"query-input\":{\"@type\":\"PropertyValueSpecification\",\"valueRequired\":true,\"valueName\":\"search_term_string\"}}],\"inLanguage\":\"es\"},{\"@type\":\"Organization\",\"@id\":\"https:\\\/\\\/gondens.com\\\/#organization\",\"name\":\"Gondens\",\"url\":\"https:\\\/\\\/gondens.com\\\/\",\"logo\":{\"@type\":\"ImageObject\",\"inLanguage\":\"es\",\"@id\":\"https:\\\/\\\/gondens.com\\\/#\\\/schema\\\/logo\\\/image\\\/\",\"url\":\"https:\\\/\\\/gondens.com\\\/wp-content\\\/uploads\\\/gondens-logo-267x60-1.png\",\"contentUrl\":\"https:\\\/\\\/gondens.com\\\/wp-content\\\/uploads\\\/gondens-logo-267x60-1.png\",\"width\":267,\"height\":60,\"caption\":\"Gondens\"},\"image\":{\"@id\":\"https:\\\/\\\/gondens.com\\\/#\\\/schema\\\/logo\\\/image\\\/\"}}]}<\/script>\n<!-- \/ Yoast SEO plugin. -->","yoast_head_json":{"title":"Servicios - Gondens","robots":{"index":"index","follow":"follow","max-snippet":"max-snippet:-1","max-image-preview":"max-image-preview:large","max-video-preview":"max-video-preview:-1"},"canonical":"https:\/\/gondens.com\/es\/servicios\/","og_locale":"es_ES","og_type":"article","og_title":"Servicios - Gondens","og_description":"Servicios Servicios Desarrollando Relaciones&#8230; Generando Resultados bussines Desarrollo de Negocios, Asuntos Gubernamentales y Corporativos Asistimos a nuestros clientes en el proceso de influenciar en las pol\u00edticas p\u00fablicas en todos los niveles de gobernanza: local, regional, nacional en pa\u00edses, territorios y dependencias de Am\u00e9rica Latina y el Caribe. Leer M\u00e1s marketing Marketing, Mercado Investigaci\u00f3n y Planificaci\u00f3n [&hellip;]","og_url":"https:\/\/gondens.com\/es\/servicios\/","og_site_name":"Gondens","article_modified_time":"2021-03-12T16:59:16+00:00","twitter_card":"summary_large_image","schema":{"@context":"https:\/\/schema.org","@graph":[{"@type":"WebPage","@id":"https:\/\/gondens.com\/es\/servicios\/","url":"https:\/\/gondens.com\/es\/servicios\/","name":"Servicios - Gondens","isPartOf":{"@id":"https:\/\/gondens.com\/#website"},"datePublished":"2020-12-16T21:15:46+00:00","dateModified":"2021-03-12T16:59:16+00:00","breadcrumb":{"@id":"https:\/\/gondens.com\/es\/servicios\/#breadcrumb"},"inLanguage":"es","potentialAction":[{"@type":"ReadAction","target":["https:\/\/gondens.com\/es\/servicios\/"]}]},{"@type":"BreadcrumbList","@id":"https:\/\/gondens.com\/es\/servicios\/#breadcrumb","itemListElement":[{"@type":"ListItem","position":1,"name":"Home","item":"https:\/\/gondens.com\/"},{"@type":"ListItem","position":2,"name":"Servicios"}]},{"@type":"WebSite","@id":"https:\/\/gondens.com\/#website","url":"https:\/\/gondens.com\/","name":"Gondens","description":"International Advisors","publisher":{"@id":"https:\/\/gondens.com\/#organization"},"potentialAction":[{"@type":"SearchAction","target":{"@type":"EntryPoint","urlTemplate":"https:\/\/gondens.com\/?s={search_term_string}"},"query-input":{"@type":"PropertyValueSpecification","valueRequired":true,"valueName":"search_term_string"}}],"inLanguage":"es"},{"@type":"Organization","@id":"https:\/\/gondens.com\/#organization","name":"Gondens","url":"https:\/\/gondens.com\/","logo":{"@type":"ImageObject","inLanguage":"es","@id":"https:\/\/gondens.com\/#\/schema\/logo\/image\/","url":"https:\/\/gondens.com\/wp-content\/uploads\/gondens-logo-267x60-1.png","contentUrl":"https:\/\/gondens.com\/wp-content\/uploads\/gondens-logo-267x60-1.png","width":267,"height":60,"caption":"Gondens"},"image":{"@id":"https:\/\/gondens.com\/#\/schema\/logo\/image\/"}}]}},"_links":{"self":[{"href":"https:\/\/gondens.com\/es\/wp-json\/wp\/v2\/pages\/733","targetHints":{"allow":["GET"]}}],"collection":[{"href":"https:\/\/gondens.com\/es\/wp-json\/wp\/v2\/pages"}],"about":[{"href":"https:\/\/gondens.com\/es\/wp-json\/wp\/v2\/types\/page"}],"author":[{"embeddable":true,"href":"https:\/\/gondens.com\/es\/wp-json\/wp\/v2\/users\/1"}],"replies":[{"embeddable":true,"href":"https:\/\/gondens.com\/es\/wp-json\/wp\/v2\/comments?post=733"}],"version-history":[{"count":0,"href":"https:\/\/gondens.com\/es\/wp-json\/wp\/v2\/pages\/733\/revisions"}],"wp:attachment":[{"href":"https:\/\/gondens.com\/es\/wp-json\/wp\/v2\/media?parent=733"}],"curies":[{"name":"wp","href":"https:\/\/api.w.org\/{rel}","templated":true}]}}